{"id":302,"date":"2018-10-03T16:42:02","date_gmt":"2018-10-03T16:42:02","guid":{"rendered":"https:\/\/eneconstruccion.com\/eng\/?page_id=302"},"modified":"2023-04-19T08:45:20","modified_gmt":"2023-04-19T08:45:20","slug":"location","status":"publish","type":"page","link":"https:\/\/eneconstruccion.com\/eng\/location\/","title":{"rendered":"Location"},"content":{"rendered":"[vc_row full_width=&#8221;stretch_row_content_no_spaces&#8221; full_height=&#8221;yes&#8221; columns_placement=&#8221;top&#8221; css=&#8221;.vc_custom_1537978313642{background-position: center !important;background-repeat: no-repeat !important;background-size: cover !important;}&#8221;][vc_column]<link href=\"https:\/\/fonts.googleapis.com\/css?family=Poppins:500%7COpen+Sans:300%2C600\" rel=\"stylesheet\" property=\"stylesheet\" type=\"text\/css\" media=\"all\">\n<div id=\"rev_slider_84_1_wrapper\" class=\"rev_slider_wrapper fullscreen-container\" data-source=\"gallery\" style=\"background:transparent;padding:0px;\">\n<!-- START REVOLUTION SLIDER 5.4.8 fullscreen mode -->\n\t<div id=\"rev_slider_84_1\" class=\"rev_slider fullscreenbanner\" style=\"display:none;\" data-version=\"5.4.8\">\n<ul>\t<!-- SLIDE  -->\n\t<li data-index=\"rs-108\" data-transition=\"fade\" data-slotamount=\"default\" data-hideafterloop=\"0\" data-hideslideonmobile=\"off\"  data-easein=\"default\" data-easeout=\"default\" data-masterspeed=\"300\"  data-rotate=\"0\"  data-saveperformance=\"off\"  data-title=\"Slide\" data-param1=\"\" data-param2=\"\" data-param3=\"\" data-param4=\"\" data-param5=\"\" data-param6=\"\" data-param7=\"\" data-param8=\"\" data-param9=\"\" data-param10=\"\" data-description=\"\">\n\t\t<!-- MAIN IMAGE -->\n\t\t<img src=\"https:\/\/eneconstruccion.com\/eng\/wp-content\/uploads\/2023\/04\/Localizaciones-web-1920_2023.jpg\"  alt=\"Location ENE Construccion\" title=\"Localizaciones-web-1920_2023\"  width=\"1920\" height=\"1080\" data-bgposition=\"100% 0%\" data-kenburns=\"on\" data-duration=\"10000\" data-ease=\"Linear.easeNone\" data-scalestart=\"100\" data-scaleend=\"110\" data-rotatestart=\"0\" data-rotateend=\"0\" data-blurstart=\"0\" data-blurend=\"0\" data-offsetstart=\"10 0\" data-offsetend=\"0 0\" data-bgparallax=\"3\" class=\"rev-slidebg\" data-no-retina>\n\t\t<!-- LAYERS -->\n\n\t\t<!-- LAYER NR. 1 -->\n\t\t<h1 class=\"tp-caption  \" \n\t\t\t id=\"slide-108-layer-4\" \n\t\t\t data-x=\"['left','left','left','left']\" data-hoffset=\"['23','60','40','40']\" \n\t\t\t data-y=\"['bottom','bottom','bottom','bottom']\" data-voffset=\"['128','88','60','40']\" \n\t\t\t\t\t\tdata-color=\"['rgba(255,255,255,0.75)','rgb(255,255,255)','rgb(255,255,255)','rgb(255,255,255)']\"\n\t\t\tdata-letterspacing=\"['0.5','0.3','0.3','0.3']\"\n\t\t\tdata-width=\"250\"\n\t\t\tdata-height=\"31\"\n\t\t\tdata-whitespace=\"normal\"\n\t\t\tdata-visibility=\"['on','on','on','off']\"\n \n\t\t\tdata-type=\"text\" \n\t\t\tdata-actions='[{\"event\":\"click\",\"action\":\"scrollbelow\",\"offset\":\"px\",\"delay\":\"\",\"speed\":\"800\",\"ease\":\"Power1.easeIn\"}]'\n\t\t\tdata-responsive_offset=\"off\" \n\t\t\tdata-responsive=\"off\"\n\t\t\tdata-frames='[{\"delay\":100,\"speed\":920,\"frame\":\"0\",\"from\":\"opacity:0;\",\"to\":\"o:1;\",\"ease\":\"Power3.easeOut\"},{\"delay\":\"wait\",\"speed\":300,\"frame\":\"999\",\"to\":\"opacity:0;\",\"ease\":\"Power3.easeInOut\"}]'\n\t\t\tdata-textAlign=\"['inherit','inherit','inherit','inherit']\"\n\t\t\tdata-paddingtop=\"[0,0,0,0]\"\n\t\t\tdata-paddingright=\"[0,0,0,0]\"\n\t\t\tdata-paddingbottom=\"[0,0,0,0]\"\n\t\t\tdata-paddingleft=\"[0,0,0,0]\"\n\n\t\t\tstyle=\"z-index: 5; min-width: 250px; max-width: 250px; max-width: 31px; max-width: 31px; white-space: normal; font-size: 14px; line-height: 28px; font-weight: 500; color: rgba(255,255,255,0.75); letter-spacing: 0.5px;font-family:Poppins;\">Scroll down <\/h1>\n\n\t\t<!-- LAYER NR. 2 -->\n\t\t<div class=\"tp-caption  \" \n\t\t\t id=\"slide-108-layer-7\" \n\t\t\t data-x=\"['left','left','left','left']\" data-hoffset=\"['20','55','40','40']\" \n\t\t\t data-y=\"['bottom','bottom','bottom','bottom']\" data-voffset=\"['110','70','40','20']\" \n\t\t\t\t\t\tdata-width=\"none\"\n\t\t\tdata-height=\"none\"\n\t\t\tdata-whitespace=\"nowrap\"\n\t\t\tdata-visibility=\"['on','on','on','off']\"\n \n\t\t\tdata-type=\"image\" \n\t\t\tdata-responsive_offset=\"off\" \n\t\t\tdata-responsive=\"off\"\n\t\t\tdata-frames='[{\"delay\":100,\"speed\":920,\"frame\":\"0\",\"from\":\"y:50px;opacity:0;\",\"to\":\"o:1;\",\"ease\":\"Power3.easeOut\"},{\"delay\":\"wait\",\"speed\":300,\"frame\":\"999\",\"to\":\"opacity:0;\",\"ease\":\"Power3.easeInOut\"}]'\n\t\t\tdata-textAlign=\"['inherit','inherit','inherit','inherit']\"\n\t\t\tdata-paddingtop=\"[0,0,0,0]\"\n\t\t\tdata-paddingright=\"[0,0,0,0]\"\n\t\t\tdata-paddingbottom=\"[0,0,0,0]\"\n\t\t\tdata-paddingleft=\"[0,0,0,0]\"\n\n\t\t\tstyle=\"z-index: 6;\">\n<div class=\"rs-looped rs-slideloop\"  data-easing=\"\" data-speed=\"1\" data-xs=\"0\" data-xe=\"0\" data-ys=\"0\" data-ye=\"5\"><img src=\"https:\/\/eneconstruccion.com\/wp-content\/uploads\/2020\/03\/f1.png\" alt=\"\" data-ww=\"['15px','15px','15px','15px']\" data-hh=\"['20px','20px','20px','20px']\" data-no-retina> <\/div><\/div>\n\n\t\t<!-- LAYER NR. 3 -->\n\t\t<div class=\"tp-caption tp-shape tp-shapewrapper \" \n\t\t\t id=\"slide-108-layer-23\" \n\t\t\t data-x=\"['left','left','left','left']\" data-hoffset=\"['29','60','40','40']\" \n\t\t\t data-y=\"['middle','top','top','top']\" data-voffset=\"['90','340','330','220']\" \n\t\t\t\t\t\tdata-width=\"80\"\n\t\t\tdata-height=\"4\"\n\t\t\tdata-whitespace=\"nowrap\"\n \n\t\t\tdata-type=\"shape\" \n\t\t\tdata-responsive_offset=\"off\" \n\t\t\tdata-responsive=\"off\"\n\t\t\tdata-frames='[{\"delay\":10,\"speed\":300,\"frame\":\"0\",\"from\":\"opacity:0;\",\"to\":\"o:1;\",\"ease\":\"Power3.easeInOut\"},{\"delay\":\"wait\",\"speed\":300,\"frame\":\"999\",\"to\":\"opacity:0;\",\"ease\":\"Power3.easeInOut\"}]'\n\t\t\tdata-textAlign=\"['inherit','inherit','inherit','inherit']\"\n\t\t\tdata-paddingtop=\"[0,0,0,0]\"\n\t\t\tdata-paddingright=\"[0,0,0,0]\"\n\t\t\tdata-paddingbottom=\"[0,0,0,0]\"\n\t\t\tdata-paddingleft=\"[0,0,0,0]\"\n\n\t\t\tstyle=\"z-index: 7;background-color:rgba(255,255,255,0.8);\"> <\/div>\n\n\t\t<!-- LAYER NR. 4 -->\n\t\t<div class=\"tp-caption   tp-resizeme\" \n\t\t\t id=\"slide-108-layer-26\" \n\t\t\t data-x=\"['center','center','center','center']\" data-hoffset=\"['-140','-140','-140','-198']\" \n\t\t\t data-y=\"['middle','middle','middle','middle']\" data-voffset=\"['0','0','0','-24']\" \n\t\t\t\t\t\tdata-width=\"none\"\n\t\t\tdata-height=\"none\"\n\t\t\tdata-whitespace=\"nowrap\"\n\t\t\tdata-visibility=\"['off','off','off','on']\"\n \n\t\t\tdata-type=\"image\" \n\t\t\tdata-responsive_offset=\"on\" \n\n\t\t\tdata-frames='[{\"delay\":10,\"speed\":300,\"frame\":\"0\",\"from\":\"opacity:0;\",\"to\":\"o:1;\",\"ease\":\"Power3.easeInOut\"},{\"delay\":\"wait\",\"speed\":300,\"frame\":\"999\",\"to\":\"opacity:0;\",\"ease\":\"Power3.easeInOut\"}]'\n\t\t\tdata-textAlign=\"['inherit','inherit','inherit','inherit']\"\n\t\t\tdata-paddingtop=\"[0,0,0,0]\"\n\t\t\tdata-paddingright=\"[0,0,0,0]\"\n\t\t\tdata-paddingbottom=\"[0,0,0,0]\"\n\t\t\tdata-paddingleft=\"[0,0,0,0]\"\n\n\t\t\tstyle=\"z-index: 8;\"><img src=\"https:\/\/eneconstruccion.com\/eng\/wp-content\/uploads\/2023\/04\/ene-construccion-localizaciones-web-mov-2023.jpg\" alt=\"location ENE Construccion\" data-ww=\"['1005px','1005px','1005px','990px']\" data-hh=\"['1000px','1000px','1000px','985px']\" width=\"1476\" height=\"1468\" data-no-retina> <\/div>\n\t<\/li>\n<\/ul>\n<div style=\"\" class=\"tp-static-layers\">\n\n\t\t<!-- LAYER NR. 5 -->\n\t\t<h1 class=\"tp-caption   tp-static-layer\" \n\t\t\t id=\"slider-84-layer-27\" \n\t\t\t data-x=\"['left','left','left','left']\" data-hoffset=\"['24','60','40','36']\" \n\t\t\t data-y=\"['middle','top','top','top']\" data-voffset=\"['-100','60','79','30']\" \n\t\t\t\t\t\tdata-fontsize=\"['90','70','50','40']\"\n\t\t\tdata-lineheight=\"['80','65','45','36']\"\n\t\t\tdata-width=\"900\"\n\t\t\tdata-height=\"230\"\n\t\t\tdata-whitespace=\"nowrap\"\n \n\t\t\tdata-type=\"text\" \n\t\t\tdata-responsive_offset=\"off\" \n\t\t\tdata-responsive=\"off\"\n\t\t\tdata-startslide=\"0\" \n\t\t\tdata-endslide=\"0\" \n\t\t\tdata-frames='[{\"delay\":0,\"speed\":300,\"frame\":\"0\",\"from\":\"opacity:0;\",\"to\":\"o:1;\",\"ease\":\"Power3.easeInOut\"},{\"delay\":\"wait\",\"speed\":300,\"frame\":\"999\",\"to\":\"opacity:0;\",\"ease\":\"Power3.easeInOut\"}]'\n\t\t\tdata-textAlign=\"['inherit','inherit','inherit','inherit']\"\n\t\t\tdata-paddingtop=\"[0,0,0,0]\"\n\t\t\tdata-paddingright=\"[0,0,0,0]\"\n\t\t\tdata-paddingbottom=\"[0,0,0,0]\"\n\t\t\tdata-paddingleft=\"[0,0,0,0]\"\n\n\t\t\tstyle=\"z-index: 9; min-width: 900px; max-width: 900px; max-width: 230px; max-width: 230px; white-space: nowrap; font-size: 90px; line-height: 80px; font-weight: 300; color: #ffffff; letter-spacing: -0.5px;font-family:Open Sans;\">Location <\/h1>\n\n\t\t<!-- LAYER NR. 6 -->\n\t\t<h1 class=\"tp-caption   tp-static-layer\" \n\t\t\t id=\"slider-84-layer-29\" \n\t\t\t data-x=\"['left','left','left','left']\" data-hoffset=\"['200','60','40','40']\" \n\t\t\t data-y=\"['bottom','bottom','top','top']\" data-voffset=\"['60','175','330','220']\" \n\t\t\t\t\t\tdata-fontsize=\"['14','16','18','14']\"\n\t\t\tdata-width=\"none\"\n\t\t\tdata-height=\"101\"\n\t\t\tdata-whitespace=\"nowrap\"\n \n\t\t\tdata-type=\"text\" \n\t\t\tdata-responsive_offset=\"off\" \n\t\t\tdata-responsive=\"off\"\n\t\t\tdata-startslide=\"0\" \n\t\t\tdata-endslide=\"0\" \n\t\t\tdata-frames='[{\"delay\":0,\"speed\":300,\"frame\":\"0\",\"from\":\"opacity:0;\",\"to\":\"o:1;\",\"ease\":\"Power3.easeInOut\"},{\"delay\":\"wait\",\"speed\":300,\"frame\":\"999\",\"to\":\"opacity:0;\",\"ease\":\"Power3.easeInOut\"}]'\n\t\t\tdata-textAlign=\"['inherit','inherit','inherit','inherit']\"\n\t\t\tdata-paddingtop=\"[0,0,0,0]\"\n\t\t\tdata-paddingright=\"[0,0,0,0]\"\n\t\t\tdata-paddingbottom=\"[0,0,0,0]\"\n\t\t\tdata-paddingleft=\"[0,0,0,0]\"\n\n\t\t\tstyle=\"z-index: 10; max-width: 101px; max-width: 101px; white-space: nowrap; font-size: 14px; line-height: 28px; font-weight: 300; color: rgba(255,255,255,0.75); letter-spacing: 1px;font-family:Open Sans;\">Selected <\/h1>\n\n\t\t<!-- LAYER NR. 7 -->\n\t\t<a class=\"tp-caption   tp-static-layer\" \n href=\"https:\/\/eneconstruccion.com\/eng\/projects\/\" target=\"_self\"\t\t\t id=\"slider-84-layer-30\" \n\t\t\t data-x=\"['left','left','left','left']\" data-hoffset=\"['200','60','40','40']\" \n\t\t\t data-y=\"['bottom','bottom','top','top']\" data-voffset=\"['35','152','380','273']\" \n\t\t\t\t\t\tdata-fontsize=\"['18','16','18','14']\"\n\t\t\tdata-width=\"none\"\n\t\t\tdata-height=\"101\"\n\t\t\tdata-whitespace=\"nowrap\"\n \n\t\t\tdata-type=\"text\" \n\t\t\tdata-actions=''\n\t\t\tdata-responsive_offset=\"off\" \n\t\t\tdata-responsive=\"off\"\n\t\t\tdata-startslide=\"0\" \n\t\t\tdata-endslide=\"0\" \n\t\t\tdata-frames='[{\"delay\":0,\"speed\":300,\"frame\":\"0\",\"from\":\"opacity:0;\",\"to\":\"o:1;\",\"ease\":\"Power3.easeInOut\"},{\"delay\":\"wait\",\"speed\":300,\"frame\":\"999\",\"to\":\"opacity:0;\",\"ease\":\"Power3.easeInOut\"}]'\n\t\t\tdata-textAlign=\"['inherit','inherit','inherit','inherit']\"\n\t\t\tdata-paddingtop=\"[0,0,0,0]\"\n\t\t\tdata-paddingright=\"[0,0,0,0]\"\n\t\t\tdata-paddingbottom=\"[0,0,0,0]\"\n\t\t\tdata-paddingleft=\"[0,0,0,0]\"\n\n\t\t\tstyle=\"z-index: 11; max-width: 101px; max-width: 101px; white-space: nowrap; font-size: 18px; line-height: 28px; font-weight: 600; color: #ffffff; letter-spacing: 0.5px;font-family:Open Sans;text-decoration: none;\">Projects <\/a>\n\n\t\t<!-- LAYER NR. 8 -->\n\t\t<h1 class=\"tp-caption   tp-static-layer\" \n\t\t\t id=\"slider-84-layer-31\" \n\t\t\t data-x=\"['left','left','left','left']\" data-hoffset=\"['420','250','40','40']\" \n\t\t\t data-y=\"['bottom','bottom','top','top']\" data-voffset=\"['60','175','390','289']\" \n\t\t\t\t\t\tdata-fontsize=\"['14','16','18','14']\"\n\t\t\tdata-letterspacing=\"['0.5','1','1','1']\"\n\t\t\tdata-width=\"none\"\n\t\t\tdata-height=\"101\"\n\t\t\tdata-whitespace=\"nowrap\"\n \n\t\t\tdata-type=\"text\" \n\t\t\tdata-responsive_offset=\"off\" \n\t\t\tdata-responsive=\"off\"\n\t\t\tdata-startslide=\"0\" \n\t\t\tdata-endslide=\"0\" \n\t\t\tdata-frames='[{\"delay\":0,\"speed\":300,\"frame\":\"0\",\"from\":\"opacity:0;\",\"to\":\"o:1;\",\"ease\":\"Power3.easeInOut\"},{\"delay\":\"wait\",\"speed\":300,\"frame\":\"999\",\"to\":\"opacity:0;\",\"ease\":\"Power3.easeInOut\"}]'\n\t\t\tdata-textAlign=\"['inherit','inherit','inherit','inherit']\"\n\t\t\tdata-paddingtop=\"[0,0,0,0]\"\n\t\t\tdata-paddingright=\"[0,0,0,0]\"\n\t\t\tdata-paddingbottom=\"[0,0,0,0]\"\n\t\t\tdata-paddingleft=\"[0,0,0,0]\"\n\n\t\t\tstyle=\"z-index: 12; max-width: 101px; max-width: 101px; white-space: nowrap; font-size: 14px; line-height: 28px; font-weight: 300; color: rgba(255,255,255,0.75); letter-spacing: 0.5px;font-family:Open Sans;\">Architecture <\/h1>\n\n\t\t<!-- LAYER NR. 9 -->\n\t\t<a class=\"tp-caption   tp-static-layer\" \n href=\"https:\/\/eneconstruccion.com\/eng\/architecture\/\" target=\"_self\"\t\t\t id=\"slider-84-layer-32\" \n\t\t\t data-x=\"['left','left','left','left']\" data-hoffset=\"['420','250','40','40']\" \n\t\t\t data-y=\"['bottom','bottom','top','top']\" data-voffset=\"['35','152','440','343']\" \n\t\t\t\t\t\tdata-fontsize=\"['18','16','18','14']\"\n\t\t\tdata-width=\"none\"\n\t\t\tdata-height=\"101\"\n\t\t\tdata-whitespace=\"nowrap\"\n \n\t\t\tdata-type=\"text\" \n\t\t\tdata-actions=''\n\t\t\tdata-responsive_offset=\"off\" \n\t\t\tdata-responsive=\"off\"\n\t\t\tdata-startslide=\"0\" \n\t\t\tdata-endslide=\"0\" \n\t\t\tdata-frames='[{\"delay\":0,\"speed\":300,\"frame\":\"0\",\"from\":\"opacity:0;\",\"to\":\"o:1;\",\"ease\":\"Power3.easeInOut\"},{\"delay\":\"wait\",\"speed\":300,\"frame\":\"999\",\"to\":\"opacity:0;\",\"ease\":\"Power3.easeInOut\"}]'\n\t\t\tdata-textAlign=\"['inherit','inherit','inherit','inherit']\"\n\t\t\tdata-paddingtop=\"[0,0,0,0]\"\n\t\t\tdata-paddingright=\"[0,0,0,0]\"\n\t\t\tdata-paddingbottom=\"[0,0,0,0]\"\n\t\t\tdata-paddingleft=\"[0,0,0,0]\"\n\n\t\t\tstyle=\"z-index: 13; max-width: 101px; max-width: 101px; white-space: nowrap; font-size: 18px; line-height: 28px; font-weight: 600; color: #ffffff; letter-spacing: 0.5px;font-family:Open Sans;text-decoration: none;\">of the Author <\/a>\n<\/div>\n<div class=\"tp-bannertimer tp-bottom\" style=\"visibility: hidden !important;\"><\/div>\t<\/div>\n<script>var htmlDiv = document.getElementById(\"rs-plugin-settings-inline-css\"); var htmlDivCss=\"\";\r\n\t\t\t\tif(htmlDiv) {\r\n\t\t\t\t\thtmlDiv.innerHTML = htmlDiv.innerHTML + htmlDivCss;\r\n\t\t\t\t}else{\r\n\t\t\t\t\tvar htmlDiv = document.createElement(\"div\");\r\n\t\t\t\t\thtmlDiv.innerHTML = \"<style>\" + htmlDivCss + \"<\/style>\";\r\n\t\t\t\t\tdocument.getElementsByTagName(\"head\")[0].appendChild(htmlDiv.childNodes[0]);\r\n\t\t\t\t}\r\n\t\t\t<\/script>\n\t\t<script type=\"text\/javascript\">\r\nif (setREVStartSize!==undefined) setREVStartSize(\r\n\t{c: '#rev_slider_84_1', responsiveLevels: [1240,1024,778,480], gridwidth: [1326,1024,778,480], gridheight: [800,768,960,720], sliderLayout: 'fullscreen', fullScreenAutoWidth:'off', fullScreenAlignForce:'off', fullScreenOffsetContainer:'', fullScreenOffset:'', minHeight:'700px'});\r\n\t\t\t\r\nvar revapi84,\r\n\ttpj;\t\r\n(function() {\t\t\t\r\n\tif (!\/loaded|interactive|complete\/.test(document.readyState)) document.addEventListener(\"DOMContentLoaded\",onLoad); else onLoad();\t\r\n\tfunction onLoad() {\t\t\t\t\r\n\t\tif (tpj===undefined) { tpj = jQuery; if(\"off\" == \"on\") tpj.noConflict();}\r\n\tif(tpj(\"#rev_slider_84_1\").revolution == undefined){\n\t\trevslider_showDoubleJqueryError(\"#rev_slider_84_1\");\n\t}else{\n\t\trevapi84 = tpj(\"#rev_slider_84_1\").show().revolution({\n\t\t\tsliderType:\"standard\",\n\t\t\tjsFileLocation:\"\/\/eneconstruccion.com\/eng\/wp-content\/plugins\/revslider\/public\/assets\/js\/\",\n\t\t\tsliderLayout:\"fullscreen\",\n\t\t\tdottedOverlay:\"none\",\n\t\t\tdelay:4000,\n\t\t\tnavigation: {\n\t\t\t\tkeyboardNavigation:\"on\",\n\t\t\t\tkeyboard_direction: \"horizontal\",\n\t\t\t\tmouseScrollNavigation:\"off\",\n \t\t\t\t\t\t\tmouseScrollReverse:\"default\",\n\t\t\t\tonHoverStop:\"off\",\n\t\t\t\ttouch:{\n\t\t\t\t\ttouchenabled:\"on\",\n\t\t\t\t\ttouchOnDesktop:\"on\",\n\t\t\t\t\tswipe_threshold: 75,\n\t\t\t\t\tswipe_min_touches: 1,\n\t\t\t\t\tswipe_direction: \"horizontal\",\n\t\t\t\t\tdrag_block_vertical: false\n\t\t\t\t}\n\t\t\t},\n\t\t\tresponsiveLevels:[1240,1024,778,480],\n\t\t\tvisibilityLevels:[1240,1024,778,480],\n\t\t\tgridwidth:[1326,1024,778,480],\n\t\t\tgridheight:[800,768,960,720],\n\t\t\tlazyType:\"none\",\n\t\t\tminHeight:\"700px\",\n\t\t\tscrolleffect: {\n\t\t\t\tblur:\"on\",\n\t\t\t},\n\t\t\tparallax: {\n\t\t\t\ttype:\"mouse+scroll\",\n\t\t\t\torigo:\"enterpoint\",\n\t\t\t\tspeed:400,\n\t\t\t\tspeedbg:0,\n\t\t\t\tspeedls:0,\n\t\t\t\tlevels:[5,10,15,20,25,30,35,40,45,46,47,48,49,50,51,55],\n\t\t\t\tdisable_onmobile:\"on\"\n\t\t\t},\n\t\t\tshadow:0,\n\t\t\tspinner:\"off\",\n\t\t\tstopLoop:\"off\",\n\t\t\tstopAfterLoops:-1,\n\t\t\tstopAtSlide:-1,\n\t\t\tshuffle:\"off\",\n\t\t\tautoHeight:\"off\",\n\t\t\tfullScreenAutoWidth:\"off\",\n\t\t\tfullScreenAlignForce:\"off\",\n\t\t\tfullScreenOffsetContainer: \"\",\n\t\t\tfullScreenOffset: \"\",\n\t\t\tdisableProgressBar:\"on\",\n\t\t\thideThumbsOnMobile:\"off\",\n\t\t\thideSliderAtLimit:0,\n\t\t\thideCaptionAtLimit:0,\n\t\t\thideAllCaptionAtLilmit:0,\n\t\t\tdebugMode:false,\n\t\t\tfallbacks: {\n\t\t\t\tsimplifyAll:\"off\",\n\t\t\t\tnextSlideOnWindowFocus:\"off\",\n\t\t\t\tdisableFocusListener:false,\n\t\t\t}\n\t\t});\n\t}; \/* END OF revapi call *\/\n\t\n }; \/* END OF ON LOAD FUNCTION *\/\r\n}()); \/* END OF WRAPPING FUNCTION *\/\r\n<\/script>\r\n\t\t<\/div><!-- END REVOLUTION SLIDER -->[\/vc_column][\/vc_row][vc_row full_width=&#8221;stretch_row&#8221; css_animation=&#8221;fadeIn&#8221;][vc_column css=&#8221;.vc_custom_1530185118651{padding-right: 30px !important;padding-left: 30px !important;}&#8221;][vc_row_inner][vc_column_inner offset=&#8221;vc_hidden-xs&#8221;][vc_empty_space height=&#8221;120&#8243;][\/vc_column_inner][\/vc_row_inner][vc_row_inner][vc_column_inner width=&#8221;1\/4&#8243;][vc_column_text]\n<h4><span style=\"color: #444444; font-size: 160%; line-height: 95%;\">Location<\/span><\/h4>\n[\/vc_column_text][\/vc_column_inner][vc_column_inner width=&#8221;2\/4&#8243;][vc_empty_space height=&#8221;25&#8243;][vc_column_text css_animation=&#8221;fadeIn&#8221; css=&#8221;.vc_custom_1641380815554{padding-bottom: 10px !important;}&#8221;]<span style=\"font-size: 160%; line-height: 140%;\">ENE Construcci\u00f3n has presence throughout Spain with current projects in: Barcelona, Valencia, Alicante, Albacete, M\u00e1laga, C\u00e1diz.<\/span>[\/vc_column_text][vc_empty_space height=&#8221;10&#8243;][vc_column_text css_animation=&#8221;fadeIn&#8221; css=&#8221;.vc_custom_1538587066312{padding-bottom: 10px !important;}&#8221;]<span style=\"font-size: 10px; line-height: 14px; letter-spacing: 2px; color: #000000;\"><a class=\"pink-over\" href=\"https:\/\/eneconstruccion.com\/eng\/projects\/\">SELECTED PROJECTS<\/a><span style=\"color: #999999;\">\u00a0 <\/span><span style=\"color: #999999;\">|\u00a0<\/span> <a class=\"pink-over\" href=\"https:\/\/eneconstruccion.com\/eng\/architecture\/\">ARCHITECTURE<\/a><\/span>[\/vc_column_text][\/vc_column_inner][vc_column_inner][vc_empty_space height=&#8221;60&#8243;][\/vc_column_inner][\/vc_row_inner][\/vc_column][\/vc_row]\n","protected":false},"excerpt":{"rendered":"<p>[vc_row full_width=&#8221;stretch_row_content_no_spaces&#8221; full_height=&#8221;yes&#8221; columns_placement=&#8221;top&#8221; css=&#8221;.vc_custom_1537978313642{background-position: center !important;background-repeat: no-repeat !important;background-size: cover !important;}&#8221;][vc_column][\/vc_column][\/vc_row][vc_row full_width=&#8221;stretch_row&#8221; css_animation=&#8221;fadeIn&#8221;][vc_column css=&#8221;.vc_custom_1530185118651{padding-right: 30px !important;padding-left: 30px !important;}&#8221;][vc_row_inner][vc_column_inner offset=&#8221;vc_hidden-xs&#8221;][vc_empty_space height=&#8221;120&#8243;][\/vc_column_inner][\/vc_row_inner][vc_row_inner][vc_column_inner width=&#8221;1\/4&#8243;][vc_column_text] Location [\/vc_column_text][\/vc_column_inner][vc_column_inner width=&#8221;2\/4&#8243;][vc_empty_space height=&#8221;25&#8243;][vc_column_text css_animation=&#8221;fadeIn&#8221; css=&#8221;.vc_custom_1641380815554{padding-bottom: 10px !important;}&#8221;]ENE Construcci\u00f3n has presence throughout Spain with current projects in: Barcelona, Valencia, Alicante, Albacete, M\u00e1laga, C\u00e1diz.[\/vc_column_text][vc_empty_space height=&#8221;10&#8243;][vc_column_text css_animation=&#8221;fadeIn&#8221; css=&#8221;.vc_custom_1538587066312{padding-bottom: 10px !important;}&#8221;]SELECTED PROJECTS\u00a0 |\u00a0 ARCHITECTURE[\/vc_column_text][\/vc_column_inner][vc_column_inner][vc_empty_space height=&#8221;60&#8243;][\/vc_column_inner][\/vc_row_inner][\/vc_column][\/vc_row]<\/p>\n","protected":false},"author":1,"featured_media":0,"parent":0,"menu_order":0,"comment_status":"closed","ping_status":"closed","template":"","meta":[],"_links":{"self":[{"href":"https:\/\/eneconstruccion.com\/eng\/wp-json\/wp\/v2\/pages\/302"}],"collection":[{"href":"https:\/\/eneconstruccion.com\/eng\/wp-json\/wp\/v2\/pages"}],"about":[{"href":"https:\/\/eneconstruccion.com\/eng\/wp-json\/wp\/v2\/types\/page"}],"author":[{"embeddable":true,"href":"https:\/\/eneconstruccion.com\/eng\/wp-json\/wp\/v2\/users\/1"}],"replies":[{"embeddable":true,"href":"https:\/\/eneconstruccion.com\/eng\/wp-json\/wp\/v2\/comments?post=302"}],"version-history":[{"count":13,"href":"https:\/\/eneconstruccion.com\/eng\/wp-json\/wp\/v2\/pages\/302\/revisions"}],"predecessor-version":[{"id":1658,"href":"https:\/\/eneconstruccion.com\/eng\/wp-json\/wp\/v2\/pages\/302\/revisions\/1658"}],"wp:attachment":[{"href":"https:\/\/eneconstruccion.com\/eng\/wp-json\/wp\/v2\/media?parent=302"}],"curies":[{"name":"wp","href":"https:\/\/api.w.org\/{rel}","templated":true}]}}